{"id":12850,"date":"2021-01-20T19:36:06","date_gmt":"2021-01-20T18:36:06","guid":{"rendered":"https:\/\/fino.group\/impressum\/"},"modified":"2025-10-30T11:41:17","modified_gmt":"2025-10-30T10:41:17","slug":"legal-notice","status":"publish","type":"page","link":"https:\/\/fino.group\/en\/legal-notice\/","title":{"rendered":"Legal notice"},"content":{"rendered":"\t\t<div data-elementor-type=\"wp-page\" data-elementor-id=\"12850\" class=\"elementor elementor-12850 elementor-53\" data-elementor-settings=\"{&quot;ha_cmc_init_switcher&quot;:&quot;no&quot;}\" data-elementor-post-type=\"page\">\n\t\t\t\t<div class=\"elementor-element elementor-element-1faa5fa e-flex e-con-boxed e-con e-parent\" data-id=\"1faa5fa\" data-element_type=\"container\" data-e-type=\"container\" data-settings=\"{&quot;_ha_eqh_enable&quot;:false}\">\n\t\t\t\t\t<div class=\"e-con-inner\">\n\t\t<div class=\"elementor-element elementor-element-dc70621 e-con-full e-flex e-con e-child\" data-id=\"dc70621\" data-element_type=\"container\" data-e-type=\"container\" data-settings=\"{&quot;_ha_eqh_enable&quot;:false}\">\n\t\t\t\t<div class=\"elementor-element elementor-element-f987aa7 uael-dual-heading-align-left elementor-widget elementor-widget-uael-dual-color-heading\" data-id=\"f987aa7\" data-element_type=\"widget\" data-e-type=\"widget\" data-widget_type=\"uael-dual-color-heading.default\">\n\t\t\t\t<div class=\"elementor-widget-container\">\n\t\t\t\t\t\t\t\t\t<div class=\"uael-module-content uael-dual-color-heading uael-stack-desktop-yes uael-heading-stack-\">\n\t\t\t<h1>\n\t\t\t\t\t\t\t\t\t\t\t\t\t\t\t\t<span class=\"uael-before-heading\"><span class=\"elementor-inline-editing uael-dual-heading-text uael-first-text\" data-elementor-setting-key=\"before_heading_text\" data-elementor-inline-editing-toolbar=\"basic\">FINO RUN GMBH<\/span><\/span><span class=\"uael-adv-heading-stack\"><span class=\"elementor-inline-editing uael-dual-heading-text uael-highlight-text\" data-elementor-setting-key=\"second_heading_text\" data-elementor-inline-editing-toolbar=\"basic\">LEGAL NOTICE<\/span><\/span>\t\t\t\t\t\t\t\t\t\t\t\t\t<\/h1>\n\t\t<\/div>\n\t\t\t\t\t\t<\/div>\n\t\t\t\t<\/div>\n\t\t\t\t<\/div>\n\t\t\t\t\t<\/div>\n\t\t\t\t<\/div>\n\t\t<div class=\"elementor-element elementor-element-6b60929 e-flex e-con-boxed e-con e-parent\" data-id=\"6b60929\" data-element_type=\"container\" data-e-type=\"container\" data-settings=\"{&quot;_ha_eqh_enable&quot;:false}\">\n\t\t\t\t\t<div class=\"e-con-inner\">\n\t\t<div class=\"elementor-element elementor-element-71bf7dc e-con-full e-flex e-con e-child\" data-id=\"71bf7dc\" data-element_type=\"container\" data-e-type=\"container\" data-settings=\"{&quot;_ha_eqh_enable&quot;:false}\">\n\t\t\t\t<div class=\"elementor-element elementor-element-eb4143e elementor-widget elementor-widget-text-editor\" data-id=\"eb4143e\" data-element_type=\"widget\" data-e-type=\"widget\" data-widget_type=\"text-editor.default\">\n\t\t\t\t<div class=\"elementor-widget-container\">\n\t\t\t\t\t\t\t\t\t<p><strong>Headquarters<\/strong><br \/>fino run GmbH<br \/>Universit\u00e4tsplatz 12<br \/>D-34127 Kassel<\/p><p><strong>Office<br \/><\/strong><span class=\"outlook-search-highlight\" data-markjs=\"true\">fino run GmbH<br \/>B\u00fcrgermeister<\/span>-Brunner-Stra\u00dfe 15<br \/>D-34117 Kassel<strong><br \/><\/strong><\/p><p><strong>Represented by:<\/strong><br \/>Aleksandar Jeremic<br \/>Dr. Christian Reichmayr<\/p><p><strong>C<\/strong><strong>ontact:<\/strong><br \/>Email: <a href=\"mailto:hello@fino.digital\">hello@fino.digital<\/a><br \/>Phone: <a href=\"tel:0561 82790 40\">+49 561 82790 40<\/a><\/p><p class=\"p1\"><span class=\"s1\"><strong>Sales tax ID:<\/strong><br \/><\/span>Sales tax identification number (VAT ID number) in accordance with \u00a727a\u00a0Umsatzsteuergesetz (UStG): DE316067028<\/p>\t\t\t\t\t\t\t\t<\/div>\n\t\t\t\t<\/div>\n\t\t\t\t<\/div>\n\t\t<div class=\"elementor-element elementor-element-ded4ee8 e-con-full e-flex e-con e-child\" data-id=\"ded4ee8\" data-element_type=\"container\" data-e-type=\"container\" data-settings=\"{&quot;_ha_eqh_enable&quot;:false}\">\n\t\t\t\t<div class=\"elementor-element elementor-element-c744f3e elementor-widget elementor-widget-text-editor\" data-id=\"c744f3e\" data-element_type=\"widget\" data-e-type=\"widget\" data-widget_type=\"text-editor.default\">\n\t\t\t\t<div class=\"elementor-widget-container\">\n\t\t\t\t\t\t\t\t\t<h5><strong>Register Entry<\/strong><\/h5><p>Entry in the commercial register<br \/>Register court: Kassel<br \/>Register number: HRB 17459<\/p><p>Responsible supervisory authority for the provision of payment initiation and account information services in accordance with the Payment Services Supervision Act:<\/p><p>Federal Financial Supervisory Authority (BaFin), <br \/>Graurheindorfer Stra\u00dfe 108<br \/>53117 Bonn<\/p><p>and<\/p><p>Marie-Curie-Str. 24-28,<br \/>60439 Frankfurt am Main<br \/>BaFin ID: 150228<\/p>\t\t\t\t\t\t\t\t<\/div>\n\t\t\t\t<\/div>\n\t\t\t\t<\/div>\n\t\t\t\t\t<\/div>\n\t\t\t\t<\/div>\n\t\t<div class=\"elementor-element elementor-element-a5df737 e-flex e-con-boxed e-con e-parent\" data-id=\"a5df737\" data-element_type=\"container\" data-e-type=\"container\" data-settings=\"{&quot;_ha_eqh_enable&quot;:false}\">\n\t\t\t\t\t<div class=\"e-con-inner\">\n\t\t<div class=\"elementor-element elementor-element-d43c076 e-con-full e-flex e-con e-child\" data-id=\"d43c076\" data-element_type=\"container\" data-e-type=\"container\" data-settings=\"{&quot;_ha_eqh_enable&quot;:false}\">\n\t\t\t\t<div class=\"elementor-element elementor-element-7ca5ac1 uael-dual-heading-align-left elementor-widget elementor-widget-uael-dual-color-heading\" data-id=\"7ca5ac1\" data-element_type=\"widget\" data-e-type=\"widget\" data-widget_type=\"uael-dual-color-heading.default\">\n\t\t\t\t<div class=\"elementor-widget-container\">\n\t\t\t\t\t\t\t\t\t<div class=\"uael-module-content uael-dual-color-heading uael-stack-desktop-yes uael-heading-stack-\">\n\t\t\t<h2>\n\t\t\t\t\t\t\t\t\t\t\t\t\t\t\t\t<span class=\"uael-before-heading\"><span class=\"elementor-inline-editing uael-dual-heading-text uael-first-text\" data-elementor-setting-key=\"before_heading_text\" data-elementor-inline-editing-toolbar=\"basic\">DISCLAIMER<\/span><\/span><span class=\"uael-adv-heading-stack\"><span class=\"elementor-inline-editing uael-dual-heading-text uael-highlight-text\" data-elementor-setting-key=\"second_heading_text\" data-elementor-inline-editing-toolbar=\"basic\">Disclaimer<\/span><\/span>\t\t\t\t\t\t\t\t\t\t\t\t\t<\/h2>\n\t\t<\/div>\n\t\t\t\t\t\t<\/div>\n\t\t\t\t<\/div>\n\t\t\t\t<div class=\"elementor-element elementor-element-562515f elementor-widget elementor-widget-text-editor\" data-id=\"562515f\" data-element_type=\"widget\" data-e-type=\"widget\" data-widget_type=\"text-editor.default\">\n\t\t\t\t<div class=\"elementor-widget-container\">\n\t\t\t\t\t\t\t\t\t<h5><strong>Liability for content and links<\/strong><\/h5><p>As a telemedia service provider, we are responsible for our own content on our web pages in accordance with general legislation pursuant to Section 7 (1) of the German Telemedia Act.<\/p><p>We also make &#8220;third-party content&#8221; available for use through links. We are responsible for our own content. Links to external providers can change at any time. We cannot assume any liability for their contents. The linked pages were checked for possible illegality at the time of linking. However, a permanent control of the contents of the linked pages is not reasonable without concrete evidence of a violation of the law. Should you be of the opinion that the linked external pages violate applicable law or contain other inappropriate content, please inform us. If we become aware of illegal content, we will remove such links immediately.<\/p><h5><strong>Copyright<\/strong><\/h5><p>The present site and its contents and works (including texts, photos, website design, etc.) are subject to German copyright law.<\/p><p>Duplication, editing, distribution, or any form of exploitation of such material beyond the scope of the copyright law shall require the prior written consent of its respective author or creator. Downloads and reproductions of this site are not permitted for commercial use. Content not created by the person responsible for this site is subject to the copyright of third parties. In particular, these contents are marked as such. Should a copyright infringement nevertheless be discovered, we ask you to report it to us. If we become aware of illegal content, we will remove it immediately.<\/p><h5><strong>Online Dispute Resolution<\/strong><\/h5><p>The European Commission provides a list of recognized dispute resolution bodies and further information. You can find this here:\u00a0<a href=\"https:\/\/consumer-redress.ec.europa.eu\/index_en\" target=\"_blank\" rel=\"noopener\">Consumer Redress in the European Union<\/a><\/p>\t\t\t\t\t\t\t\t<\/div>\n\t\t\t\t<\/div>\n\t\t\t\t<\/div>\n\t\t\t\t\t<\/div>\n\t\t\t\t<\/div>\n\t\t\t\t<\/div>\n\t\t","protected":false},"excerpt":{"rendered":"<p>FINO RUN GMBHLEGAL NOTICE Headquartersfino run GmbHUniversit\u00e4tsplatz 12D-34127 Kassel Officefino run GmbHB\u00fcrgermeister-Brunner-Stra\u00dfe 15D-34117 Kassel Represented by:Aleksandar JeremicDr. Christian Reichmayr Contact:Email: hello@fino.digitalPhone: +49 561 82790 40 Sales tax ID:Sales tax identification number (VAT ID number) in accordance with \u00a727a\u00a0Umsatzsteuergesetz (UStG): DE316067028 Register Entry Entry in the commercial registerRegister court: KasselRegister number: HRB 17459 Responsible supervisory authority [&hellip;]<\/p>\n","protected":false},"author":4,"featured_media":0,"parent":0,"menu_order":0,"comment_status":"closed","ping_status":"closed","template":"","meta":{"footnotes":""},"class_list":["post-12850","page","type-page","status-publish","hentry"],"_links":{"self":[{"href":"https:\/\/fino.group\/en\/wp-json\/wp\/v2\/pages\/12850","targetHints":{"allow":["GET"]}}],"collection":[{"href":"https:\/\/fino.group\/en\/wp-json\/wp\/v2\/pages"}],"about":[{"href":"https:\/\/fino.group\/en\/wp-json\/wp\/v2\/types\/page"}],"author":[{"embeddable":true,"href":"https:\/\/fino.group\/en\/wp-json\/wp\/v2\/users\/4"}],"replies":[{"embeddable":true,"href":"https:\/\/fino.group\/en\/wp-json\/wp\/v2\/comments?post=12850"}],"version-history":[{"count":0,"href":"https:\/\/fino.group\/en\/wp-json\/wp\/v2\/pages\/12850\/revisions"}],"wp:attachment":[{"href":"https:\/\/fino.group\/en\/wp-json\/wp\/v2\/media?parent=12850"}],"curies":[{"name":"wp","href":"https:\/\/api.w.org\/{rel}","templated":true}]}}